{"id":1930,"date":"2012-08-14T18:56:26","date_gmt":"2012-08-14T21:56:26","guid":{"rendered":"http:\/\/simplicitywp.olegnax.com\/?page_id=10"},"modified":"2012-08-14T18:56:26","modified_gmt":"2012-08-14T21:56:26","slug":"home-2","status":"publish","type":"page","link":"https:\/\/confeitandocomcarinho.com.br\/","title":{"rendered":"HOME"},"content":{"rendered":"<p style=\"text-align: center;\"><span style=\"font-family: Georgia; font-size: large;\"><strong>Seu trabalho ir\u00e1 tomar uma grande parte de sua vida e o \u00fanico meio de ficar satisfeito \u00e9 fazer&nbsp;o que voc\u00ea<\/strong><br \/>\n<strong> acredita ser um grande trabalho. E o \u00fanico meio de fazer um grande trabalho \u00e9 amando o que voc\u00ea faz.<\/strong> <\/span><br \/>\n<span style=\"font-family: Georgia; font-size: medium;\"><em>(Steve Jobs)<\/em><\/span><\/p>\n","protected":false},"excerpt":{"rendered":"<p>Seu trabalho ir\u00e1 tomar uma grande parte de sua vida e o \u00fanico meio de ficar satisfeito \u00e9 fazer&nbsp;o que voc\u00ea acredita ser um grande trabalho. E o \u00fanico meio de fazer um grande trabalho \u00e9 amando o que voc\u00ea faz. (Steve Jobs)<\/p>\n","protected":false},"author":1,"featured_media":0,"parent":0,"menu_order":0,"comment_status":"closed","ping_status":"closed","template":"","meta":{"footnotes":""},"class_list":["post-1930","page","type-page","status-publish","hentry"],"_links":{"self":[{"href":"https:\/\/confeitandocomcarinho.com.br\/index.php?rest_route=\/wp\/v2\/pages\/1930","targetHints":{"allow":["GET"]}}],"collection":[{"href":"https:\/\/confeitandocomcarinho.com.br\/index.php?rest_route=\/wp\/v2\/pages"}],"about":[{"href":"https:\/\/confeitandocomcarinho.com.br\/index.php?rest_route=\/wp\/v2\/types\/page"}],"author":[{"embeddable":true,"href":"https:\/\/confeitandocomcarinho.com.br\/index.php?rest_route=\/wp\/v2\/users\/1"}],"replies":[{"embeddable":true,"href":"https:\/\/confeitandocomcarinho.com.br\/index.php?rest_route=%2Fwp%2Fv2%2Fcomments&post=1930"}],"version-history":[{"count":0,"href":"https:\/\/confeitandocomcarinho.com.br\/index.php?rest_route=\/wp\/v2\/pages\/1930\/revisions"}],"wp:attachment":[{"href":"https:\/\/confeitandocomcarinho.com.br\/index.php?rest_route=%2Fwp%2Fv2%2Fmedia&parent=1930"}],"curies":[{"name":"wp","href":"https:\/\/api.w.org\/{rel}","templated":true}]}}