{"id":2436,"date":"2015-04-09T15:02:29","date_gmt":"2015-04-09T18:02:29","guid":{"rendered":"http:\/\/confeitandocomcarinho.com.br\/site\/?page_id=2436"},"modified":"2015-04-09T15:02:29","modified_gmt":"2015-04-09T18:02:29","slug":"anuncie-aqui","status":"publish","type":"page","link":"https:\/\/confeitandocomcarinho.com.br\/?page_id=2436","title":{"rendered":"ANUNCIE AQUI"},"content":{"rendered":"<p>[two_third]<\/p>\n<h2 style=\"margin: 5px 0 30px 0;\">ENVIE UMA MENSAGEM<\/h2>\n<p>[ox-contact-form subject=&#8221;Contato &#8211; Site Confeitando com Carinho&#8221; to=&#8221;contato@confeitandocomcarinho.com.br&#8221; button_text=&#8221;Enviar&#8221; captcha=&#8221;0&#8243;] [ox-contact-field label=&#8221;Nome&#8221; type=&#8221;name&#8221; required=&#8221;true&#8221; \/] [ox-contact-field label=&#8221;Email&#8221; type=&#8221;email&#8221; required=&#8221;true&#8221; reply=&#8221;true&#8221; \/] [ox-contact-field label=&#8221;Coment\u00e1rio&#8221; type=&#8221;textarea&#8221; required=&#8221;true&#8221; \/] [\/ox-contact-form]<\/p>\n<p>[\/two_third][one_third last=last]<\/p>\n<h2 style=\"margin: 5px 0 30px 0;\">ENTRE EM CONTATO<\/h2>\n<p>*D\u00favidas em rela\u00e7\u00e3o aos v\u00eddeos do Youtube\/Blog, favor comentar no pr\u00f3prio v\u00eddeo ou post, elas n\u00e3o ser\u00e3o respondidas por e-mail, agrade\u00e7o a compreens\u00e3o.<\/p>\n<p>[social_link style=&#8221;billet&#8221; type=&#8221;facebook_account&#8221; url=&#8221;https:\/\/www.facebook.com\/ConfeitandocomCarinho&#8221; target=&#8221;&#8221; ]<br \/>\n[social_link style=&#8221;billet&#8221; type=&#8221;google_plus_account&#8221; url=&#8221;https:\/\/plus.google.com\/105165049831871599875&#8243; target=&#8221;&#8221; ]<br \/>\n[social_link style=&#8221;billet&#8221; type=&#8221;youtube_account&#8221; url=&#8221;https:\/\/www.youtube.com\/user\/confeitandocarinho&#8221; target=&#8221;&#8221; ]<br \/>\n[\/one_third]<\/p>\n","protected":false},"excerpt":{"rendered":"<p>[two_third] ENVIE UMA MENSAGEM [ox-contact-form subject=&#8221;Contato &#8211; Site Confeitando com Carinho&#8221; to=&#8221;contato@confeitandocomcarinho.com.br&#8221; button_text=&#8221;Enviar&#8221; captcha=&#8221;0&#8243;] [ox-contact-field label=&#8221;Nome&#8221; type=&#8221;name&#8221; required=&#8221;true&#8221; \/] [ox-contact-field label=&#8221;Email&#8221; type=&#8221;email&#8221; required=&#8221;true&#8221; reply=&#8221;true&#8221; \/] [ox-contact-field label=&#8221;Coment\u00e1rio&#8221; type=&#8221;textarea&#8221; required=&#8221;true&#8221; \/] [\/ox-contact-form] [\/two_third][one_third last=last] ENTRE EM CONTATO *D\u00favidas em rela\u00e7\u00e3o aos v\u00eddeos do Youtube\/Blog, favor comentar no pr\u00f3prio v\u00eddeo ou post, elas n\u00e3o ser\u00e3o respondidas por [&hellip;]<\/p>\n","protected":false},"author":1,"featured_media":0,"parent":0,"menu_order":0,"comment_status":"closed","ping_status":"closed","template":"template-contactpage.php","meta":{"footnotes":""},"class_list":["post-2436","page","type-page","status-publish","hentry"],"_links":{"self":[{"href":"https:\/\/confeitandocomcarinho.com.br\/index.php?rest_route=\/wp\/v2\/pages\/2436","targetHints":{"allow":["GET"]}}],"collection":[{"href":"https:\/\/confeitandocomcarinho.com.br\/index.php?rest_route=\/wp\/v2\/pages"}],"about":[{"href":"https:\/\/confeitandocomcarinho.com.br\/index.php?rest_route=\/wp\/v2\/types\/page"}],"author":[{"embeddable":true,"href":"https:\/\/confeitandocomcarinho.com.br\/index.php?rest_route=\/wp\/v2\/users\/1"}],"replies":[{"embeddable":true,"href":"https:\/\/confeitandocomcarinho.com.br\/index.php?rest_route=%2Fwp%2Fv2%2Fcomments&post=2436"}],"version-history":[{"count":0,"href":"https:\/\/confeitandocomcarinho.com.br\/index.php?rest_route=\/wp\/v2\/pages\/2436\/revisions"}],"wp:attachment":[{"href":"https:\/\/confeitandocomcarinho.com.br\/index.php?rest_route=%2Fwp%2Fv2%2Fmedia&parent=2436"}],"curies":[{"name":"wp","href":"https:\/\/api.w.org\/{rel}","templated":true}]}}