{"id":2655,"date":"2015-07-15T01:26:14","date_gmt":"2015-07-15T04:26:14","guid":{"rendered":"http:\/\/confeitandocomcarinho.com.br\/site\/?page_id=2655"},"modified":"2015-07-15T01:26:14","modified_gmt":"2015-07-15T04:26:14","slug":"obrigado-por-finalizar-seu-pedido","status":"publish","type":"page","link":"https:\/\/confeitandocomcarinho.com.br\/?page_id=2655","title":{"rendered":"Obrigado por finalizar seu pedido!"},"content":{"rendered":"<p style=\"text-align: center;\">O curso\/material ficar\u00e1 dispon\u00edvel assim que o pagamento for confirmado!<\/p>\n<p style=\"text-align: center;\">Qualquer d\u00favida entre em contato pelo e-mail <a href=\"_wp_link_placeholder\" data-wplink-edit=\"true\">contato@confeitandocomcarinho.com.br<\/a><\/p>\n<p style=\"text-align: center;\">Obrigado por adquirir um produto Confeitando com Carinho!<\/p>\n","protected":false},"excerpt":{"rendered":"<p>O curso\/material ficar\u00e1 dispon\u00edvel assim que o pagamento for confirmado! Qualquer d\u00favida entre em contato pelo e-mail contato@confeitandocomcarinho.com.br Obrigado por adquirir um produto Confeitando com Carinho!<\/p>\n","protected":false},"author":1,"featured_media":0,"parent":0,"menu_order":0,"comment_status":"closed","ping_status":"closed","template":"","meta":{"footnotes":""},"class_list":["post-2655","page","type-page","status-publish","hentry"],"_links":{"self":[{"href":"https:\/\/confeitandocomcarinho.com.br\/index.php?rest_route=\/wp\/v2\/pages\/2655","targetHints":{"allow":["GET"]}}],"collection":[{"href":"https:\/\/confeitandocomcarinho.com.br\/index.php?rest_route=\/wp\/v2\/pages"}],"about":[{"href":"https:\/\/confeitandocomcarinho.com.br\/index.php?rest_route=\/wp\/v2\/types\/page"}],"author":[{"embeddable":true,"href":"https:\/\/confeitandocomcarinho.com.br\/index.php?rest_route=\/wp\/v2\/users\/1"}],"replies":[{"embeddable":true,"href":"https:\/\/confeitandocomcarinho.com.br\/index.php?rest_route=%2Fwp%2Fv2%2Fcomments&post=2655"}],"version-history":[{"count":0,"href":"https:\/\/confeitandocomcarinho.com.br\/index.php?rest_route=\/wp\/v2\/pages\/2655\/revisions"}],"wp:attachment":[{"href":"https:\/\/confeitandocomcarinho.com.br\/index.php?rest_route=%2Fwp%2Fv2%2Fmedia&parent=2655"}],"curies":[{"name":"wp","href":"https:\/\/api.w.org\/{rel}","templated":true}]}}