{"id":3501,"date":"2018-08-31T23:36:22","date_gmt":"2018-09-01T02:36:22","guid":{"rendered":"http:\/\/confeitandocomcarinho.com.br\/site\/?page_id=3501"},"modified":"2018-08-31T23:36:22","modified_gmt":"2018-09-01T02:36:22","slug":"mande-sua-receita","status":"publish","type":"page","link":"https:\/\/confeitandocomcarinho.com.br\/?page_id=3501","title":{"rendered":"Mande sua receita"},"content":{"rendered":"<p>Ol\u00e1 amiga que quer contribuir com suas melhores receitas aqui no site da Confeitando Com Carinho, seja muito bem vinda!<br \/>\nPara isso \u00e9 preciso que mande sua receita para: <span style=\"color: #0000ff;\">contato@confeitandocomcarinho.com.br<\/span><br \/>\nAh por favor n\u00e3o se esque\u00e7a de mandar uma <span style=\"color: #ff0000;\">foto<\/span> bem linda do prato, seu <span style=\"color: #ff0000;\">nome<\/span> e <span style=\"color: #ff0000;\">cidade<\/span> para que possamos publicar sua receita!<br \/>\nAgrade\u00e7o muito por sua contribui\u00e7\u00e3o.<\/p>\n","protected":false},"excerpt":{"rendered":"<p>Ol\u00e1 amiga que quer contribuir com suas melhores receitas aqui no site da Confeitando Com Carinho, seja muito bem vinda! Para isso \u00e9 preciso que mande sua receita para: contato@confeitandocomcarinho.com.br Ah por favor n\u00e3o se esque\u00e7a de mandar uma foto bem linda do prato, seu nome e cidade para que possamos publicar sua receita! Agrade\u00e7o [&hellip;]<\/p>\n","protected":false},"author":2,"featured_media":0,"parent":0,"menu_order":0,"comment_status":"closed","ping_status":"closed","template":"","meta":{"footnotes":""},"class_list":["post-3501","page","type-page","status-publish","hentry"],"_links":{"self":[{"href":"https:\/\/confeitandocomcarinho.com.br\/index.php?rest_route=\/wp\/v2\/pages\/3501","targetHints":{"allow":["GET"]}}],"collection":[{"href":"https:\/\/confeitandocomcarinho.com.br\/index.php?rest_route=\/wp\/v2\/pages"}],"about":[{"href":"https:\/\/confeitandocomcarinho.com.br\/index.php?rest_route=\/wp\/v2\/types\/page"}],"author":[{"embeddable":true,"href":"https:\/\/confeitandocomcarinho.com.br\/index.php?rest_route=\/wp\/v2\/users\/2"}],"replies":[{"embeddable":true,"href":"https:\/\/confeitandocomcarinho.com.br\/index.php?rest_route=%2Fwp%2Fv2%2Fcomments&post=3501"}],"version-history":[{"count":0,"href":"https:\/\/confeitandocomcarinho.com.br\/index.php?rest_route=\/wp\/v2\/pages\/3501\/revisions"}],"wp:attachment":[{"href":"https:\/\/confeitandocomcarinho.com.br\/index.php?rest_route=%2Fwp%2Fv2%2Fmedia&parent=3501"}],"curies":[{"name":"wp","href":"https:\/\/api.w.org\/{rel}","templated":true}]}}