{"id":3249,"date":"2015-10-22T00:59:01","date_gmt":"2015-10-22T02:59:01","guid":{"rendered":"http:\/\/confeitandocomcarinho.com.br\/site\/?post_type=product&amp;p=3249"},"modified":"2015-10-22T00:59:01","modified_gmt":"2015-10-22T02:59:01","slug":"apostila-pao-de-mel","status":"publish","type":"product","link":"https:\/\/confeitandocomcarinho.com.br\/?product=apostila-pao-de-mel","title":{"rendered":"Apostila P\u00e3o de mel"},"content":{"rendered":"<p><strong>Apostila \u00a0digital\u00a0\u00a0<\/strong><\/p>\n<p><span style=\"line-height: 1.5;\">Apostila colorida, toda ilustrada com passo a passo bem did\u00e1tico.<\/span><\/p>\n<p><span style=\"line-height: 1.5;\">Conta com 11 receitas: <\/span><\/p>\n<ul>\n<li><span style=\"line-height: 1.5;\">Tradicional p\u00e3o de mel<\/span><\/li>\n<li><span style=\"line-height: 1.5;\"> Bolo p\u00e3o de mel<\/span><\/li>\n<li><span style=\"line-height: 1.5;\">P\u00e3o de mel de colher<\/span><\/li>\n<li><span style=\"line-height: 1.5;\">Cupcake p\u00e3o de mel<\/span><\/li>\n<li><span style=\"line-height: 1.5;\">Cake pop p\u00e3o de mel<\/span><\/li>\n<li><span style=\"line-height: 1.5;\"> Recheio de coco<\/span><\/li>\n<li><span style=\"line-height: 1.5;\">Recheio de brigadeiro<\/span><\/li>\n<li><span style=\"line-height: 1.5;\">Recheio trufado<\/span><\/li>\n<li><span style=\"line-height: 1.5;\">Recheio de doce de leite com nozes<\/span><\/li>\n<li><span style=\"line-height: 1.5;\">Recheio de caramelo<\/span><\/li>\n<li><span style=\"line-height: 1.5;\">Recheio de amendoim. <\/span><\/li>\n<\/ul>\n<p><span style=\"line-height: 1.5;\">Conta tamb\u00e9m com v\u00e1rias dicas de decora\u00e7\u00e3o e forma\u00e7\u00e3o de pre\u00e7o de venda.<\/span><\/p>\n","protected":false},"excerpt":{"rendered":"<p><a href=\"https:\/\/confeitandocomcarinho.com.br\/site\/wp-content\/uploads\/2015\/10\/Amostra-apostila-pao-de-mel.pdf\" target=\"_blank\" rel=\"noopener noreferrer\">BAIXE AQUI UMA AMOSTRA GR\u00c1TIS<\/a><\/p>\n<p>Baixe uma amostra dessa apostila, e confira gr\u00e1tis 1 receita!<br \/>\nAtrav\u00e9s deste material voc\u00ea conhecer\u00e1 o formato e o padr\u00e3o de qualidade de nossas apostilas.<\/p>\n","protected":false},"featured_media":4334,"comment_status":"open","ping_status":"closed","template":"","meta":[],"product_brand":[],"product_cat":[61],"product_tag":[],"class_list":{"0":"post-3249","1":"product","2":"type-product","3":"status-publish","4":"has-post-thumbnail","6":"product_cat-e-books","8":"first","9":"instock","10":"downloadable","11":"virtual","12":"purchasable","13":"product-type-simple"},"_links":{"self":[{"href":"https:\/\/confeitandocomcarinho.com.br\/index.php?rest_route=\/wp\/v2\/product\/3249","targetHints":{"allow":["GET"]}}],"collection":[{"href":"https:\/\/confeitandocomcarinho.com.br\/index.php?rest_route=\/wp\/v2\/product"}],"about":[{"href":"https:\/\/confeitandocomcarinho.com.br\/index.php?rest_route=\/wp\/v2\/types\/product"}],"replies":[{"embeddable":true,"href":"https:\/\/confeitandocomcarinho.com.br\/index.php?rest_route=%2Fwp%2Fv2%2Fcomments&post=3249"}],"wp:featuredmedia":[{"embeddable":true,"href":"https:\/\/confeitandocomcarinho.com.br\/index.php?rest_route=\/"}],"wp:attachment":[{"href":"https:\/\/confeitandocomcarinho.com.br\/index.php?rest_route=%2Fwp%2Fv2%2Fmedia&parent=3249"}],"wp:term":[{"taxonomy":"product_brand","embeddable":true,"href":"https:\/\/confeitandocomcarinho.com.br\/index.php?rest_route=%2Fwp%2Fv2%2Fproduct_brand&post=3249"},{"taxonomy":"product_cat","embeddable":true,"href":"https:\/\/confeitandocomcarinho.com.br\/index.php?rest_route=%2Fwp%2Fv2%2Fproduct_cat&post=3249"},{"taxonomy":"product_tag","embeddable":true,"href":"https:\/\/confeitandocomcarinho.com.br\/index.php?rest_route=%2Fwp%2Fv2%2Fproduct_tag&post=3249"}],"curies":[{"name":"wp","href":"https:\/\/api.w.org\/{rel}","templated":true}]}}