{"id":4458,"date":"2020-12-03T10:41:56","date_gmt":"2020-12-03T13:41:56","guid":{"rendered":"http:\/\/site2.confeitandocomcarinho.com.br\/?post_type=product&amp;p=48"},"modified":"2020-12-03T10:41:56","modified_gmt":"2020-12-03T13:41:56","slug":"e-book-de-natal","status":"publish","type":"product","link":"https:\/\/confeitandocomcarinho.com.br\/?product=e-book-de-natal","title":{"rendered":"E-BOOK DE NATAL 100% INCLUSIVO"},"content":{"rendered":"<p>Este e-book conta com receitas natalinas incr\u00edveis, funcionais, sem gl\u00faten, sem leite, sem ovos e sem soja.<\/p>\n<p>Voc\u00ea ir\u00e1 aprender a produzir:<\/p>\n<ul>\n<li>Bolo de Reis<\/li>\n<li>Panetones e Chocotones<\/li>\n<li>Bolotones de Frutas e de Chocolate<\/li>\n<li>Biscoito Gingerbread<\/li>\n<\/ul>\n<p>Tudo em um passo a passo ilustrado e bem detalhado.<\/p>\n<p>Um material completo bastante did\u00e1tico de f\u00e1cil entendimento, com receitas simples, f\u00e1ceis de serem executadas que levam ingredientes muito acess\u00edveis.<\/p>\n<p>O e-book conta ainda com forma\u00e7\u00e3o de pre\u00e7o de venda muitas dicas, entre elas substitui\u00e7\u00f5es de ingredientes, indica\u00e7\u00f5es de marcas, normas para alerg\u00eanicos.<\/p>\n","protected":false},"excerpt":{"rendered":"<p>Natal inclusivo para toda a fam\u00edla<br \/>\nOportunidade de renda extra com receitas exclusivas<br \/>\nReceitas f\u00e1ceis e acess\u00edveis<br \/>\nMaterial did\u00e1tico e de f\u00e1cil entendimento<br \/>\nReceitas testadas e aprovadas.<\/p>\n","protected":false},"featured_media":4348,"comment_status":"open","ping_status":"closed","template":"","meta":[],"product_brand":[],"product_cat":[61],"product_tag":[],"class_list":{"0":"post-4458","1":"product","2":"type-product","3":"status-publish","4":"has-post-thumbnail","6":"product_cat-e-books","8":"first","9":"instock","10":"downloadable","11":"virtual","12":"purchasable","13":"product-type-simple"},"_links":{"self":[{"href":"https:\/\/confeitandocomcarinho.com.br\/index.php?rest_route=\/wp\/v2\/product\/4458","targetHints":{"allow":["GET"]}}],"collection":[{"href":"https:\/\/confeitandocomcarinho.com.br\/index.php?rest_route=\/wp\/v2\/product"}],"about":[{"href":"https:\/\/confeitandocomcarinho.com.br\/index.php?rest_route=\/wp\/v2\/types\/product"}],"replies":[{"embeddable":true,"href":"https:\/\/confeitandocomcarinho.com.br\/index.php?rest_route=%2Fwp%2Fv2%2Fcomments&post=4458"}],"wp:featuredmedia":[{"embeddable":true,"href":"https:\/\/confeitandocomcarinho.com.br\/index.php?rest_route=\/"}],"wp:attachment":[{"href":"https:\/\/confeitandocomcarinho.com.br\/index.php?rest_route=%2Fwp%2Fv2%2Fmedia&parent=4458"}],"wp:term":[{"taxonomy":"product_brand","embeddable":true,"href":"https:\/\/confeitandocomcarinho.com.br\/index.php?rest_route=%2Fwp%2Fv2%2Fproduct_brand&post=4458"},{"taxonomy":"product_cat","embeddable":true,"href":"https:\/\/confeitandocomcarinho.com.br\/index.php?rest_route=%2Fwp%2Fv2%2Fproduct_cat&post=4458"},{"taxonomy":"product_tag","embeddable":true,"href":"https:\/\/confeitandocomcarinho.com.br\/index.php?rest_route=%2Fwp%2Fv2%2Fproduct_tag&post=4458"}],"curies":[{"name":"wp","href":"https:\/\/api.w.org\/{rel}","templated":true}]}}