{"id":510,"date":"2013-11-25T20:06:08","date_gmt":"2013-11-25T22:06:08","guid":{"rendered":"http:\/\/confeitandocomcarinho.com.br\/wp2\/?post_type=product&amp;p=510"},"modified":"2013-11-25T20:06:08","modified_gmt":"2013-11-25T22:06:08","slug":"apostila-de-recheios-para-bombons","status":"publish","type":"product","link":"https:\/\/confeitandocomcarinho.com.br\/?product=apostila-de-recheios-para-bombons","title":{"rendered":"Apostila de recheios para bombons"},"content":{"rendered":"<p><strong>Apostila digital\u00a0<\/strong><\/p>\n<p>Esta apostila cont\u00e9m 12 recheios pr\u00e1ticos e econ\u00f4micos para bombons. Com passo a passo\u00a0todo ilustrado, prazo de validade e rendimento.<\/p>\n<p>Elaborada principalmente para trabalhos com com\u00e9rcio, os sabores s\u00e3o os mais vendidos nas ruas.<\/p>\n<p>Sabores: \u00a0Beijinho, Bicho de p\u00e9, Brigadeiro branco, Morango silvestre, Abacaxi com coco 1, Abacaxi com coco 2, Coco,<\/p>\n<p><span style=\"line-height: 1.5em;\">Maracuj\u00e1, Tradicional trufa branca, Trufa cereja, Trufa lim\u00e3o, Tradicional trufa escura.<\/span><\/p>\n<p>Este material vai ajudar a aumentar a cartela de sabores de seus bombons, trazendo novas oportunidades.<\/p>\n","protected":false},"excerpt":{"rendered":"<p><a href=\"https:\/\/confeitandocomcarinho.com.br\/site\/wp-content\/uploads\/2015\/07\/Amostra-apostila-de-recheios-para-bombons.pdf\" target=\"_blank\" rel=\"noopener noreferrer\">BAIXE AQUI UMA AMOSTRA GR\u00c1TIS<\/a><\/p>\n<p>Baixe uma amostra dessa apostila, e confira gr\u00e1tis 1 receita!<br \/>\nAtrav\u00e9s deste material voc\u00ea conhecer\u00e1 o formato e o padr\u00e3o de qualidade de nossas apostilas.<\/p>\n","protected":false},"featured_media":4339,"comment_status":"open","ping_status":"closed","template":"","meta":[],"product_brand":[],"product_cat":[61],"product_tag":[],"class_list":{"0":"post-510","1":"product","2":"type-product","3":"status-publish","4":"has-post-thumbnail","6":"product_cat-e-books","8":"first","9":"instock","10":"downloadable","11":"virtual","12":"purchasable","13":"product-type-simple"},"_links":{"self":[{"href":"https:\/\/confeitandocomcarinho.com.br\/index.php?rest_route=\/wp\/v2\/product\/510","targetHints":{"allow":["GET"]}}],"collection":[{"href":"https:\/\/confeitandocomcarinho.com.br\/index.php?rest_route=\/wp\/v2\/product"}],"about":[{"href":"https:\/\/confeitandocomcarinho.com.br\/index.php?rest_route=\/wp\/v2\/types\/product"}],"replies":[{"embeddable":true,"href":"https:\/\/confeitandocomcarinho.com.br\/index.php?rest_route=%2Fwp%2Fv2%2Fcomments&post=510"}],"wp:featuredmedia":[{"embeddable":true,"href":"https:\/\/confeitandocomcarinho.com.br\/index.php?rest_route=\/wp\/v2\/posts\/4339"}],"wp:attachment":[{"href":"https:\/\/confeitandocomcarinho.com.br\/index.php?rest_route=%2Fwp%2Fv2%2Fmedia&parent=510"}],"wp:term":[{"taxonomy":"product_brand","embeddable":true,"href":"https:\/\/confeitandocomcarinho.com.br\/index.php?rest_route=%2Fwp%2Fv2%2Fproduct_brand&post=510"},{"taxonomy":"product_cat","embeddable":true,"href":"https:\/\/confeitandocomcarinho.com.br\/index.php?rest_route=%2Fwp%2Fv2%2Fproduct_cat&post=510"},{"taxonomy":"product_tag","embeddable":true,"href":"https:\/\/confeitandocomcarinho.com.br\/index.php?rest_route=%2Fwp%2Fv2%2Fproduct_tag&post=510"}],"curies":[{"name":"wp","href":"https:\/\/api.w.org\/{rel}","templated":true}]}}