{"id":521,"date":"2013-11-26T14:15:16","date_gmt":"2013-11-26T16:15:16","guid":{"rendered":"http:\/\/confeitandocomcarinho.com.br\/wp2\/?post_type=product&amp;p=521"},"modified":"2013-11-26T14:15:16","modified_gmt":"2013-11-26T16:15:16","slug":"apostila-de-bolos-caseiros-digital","status":"publish","type":"product","link":"https:\/\/confeitandocomcarinho.com.br\/?product=apostila-de-bolos-caseiros-digital","title":{"rendered":"Apostila de bolos caseiros"},"content":{"rendered":"<p><strong>Apostila \u00a0digital \u00a0<\/strong><\/p>\n<p>Esta apostila cont\u00e9m 13 receitas de bolos \u00a0pr\u00e1ticos e econ\u00f4micos. Todos bolos foram testados e j\u00e1 s\u00e3o comercializado em S\u00e3o Paulo, s\u00e3o receitas de sucesso.<\/p>\n<p>\u00c9 uma apostila completa, cont\u00e9m dicas de embalagem, forma\u00e7\u00e3o de pre\u00e7o de venda, como calcular os custos dos ingredientes, rendimento e validade. \u00a0Tudo de forma muito simples e did\u00e1tica.<\/p>\n<p><strong>Receitas r\u00e1pidas e econ\u00f4micas:<\/strong> Banana com Canela, Cenoura com cobertura de chocolate, Chocolate com cobertura de prest\u00edgio ou brigadeiro, Fub\u00e1, laranja com caldinha tradicional, Coco. Lim\u00e3o com caldinha tradicional, Ma\u00e7\u00e3, Milho, Australiano, Formigueiro, M\u00e1rmore e toalha felpuda.<\/p>\n","protected":false},"excerpt":{"rendered":"<p><a href=\"https:\/\/confeitandocomcarinho.com.br\/site\/wp-content\/uploads\/2015\/07\/Amostra-apostila-bolos-caseiros.pdf\" target=\"_blank\" rel=\"noopener noreferrer\">BAIXE AQUI UMA AMOSTRA GR\u00c1TIS<\/a><\/p>\n<p>Baixe uma amostra dessa apostila, e confira gr\u00e1tis 1 receita!<br \/>\nAtrav\u00e9s deste material voc\u00ea conhecer\u00e1 o formato e o padr\u00e3o de qualidade de nossas apostilas.<\/p>\n","protected":false},"featured_media":4387,"comment_status":"open","ping_status":"closed","template":"","meta":[],"product_brand":[],"product_cat":[61],"product_tag":[],"class_list":{"0":"post-521","1":"product","2":"type-product","3":"status-publish","4":"has-post-thumbnail","6":"product_cat-e-books","8":"first","9":"instock","10":"downloadable","11":"virtual","12":"purchasable","13":"product-type-simple"},"_links":{"self":[{"href":"https:\/\/confeitandocomcarinho.com.br\/index.php?rest_route=\/wp\/v2\/product\/521","targetHints":{"allow":["GET"]}}],"collection":[{"href":"https:\/\/confeitandocomcarinho.com.br\/index.php?rest_route=\/wp\/v2\/product"}],"about":[{"href":"https:\/\/confeitandocomcarinho.com.br\/index.php?rest_route=\/wp\/v2\/types\/product"}],"replies":[{"embeddable":true,"href":"https:\/\/confeitandocomcarinho.com.br\/index.php?rest_route=%2Fwp%2Fv2%2Fcomments&post=521"}],"wp:featuredmedia":[{"embeddable":true,"href":"https:\/\/confeitandocomcarinho.com.br\/index.php?rest_route=\/"}],"wp:attachment":[{"href":"https:\/\/confeitandocomcarinho.com.br\/index.php?rest_route=%2Fwp%2Fv2%2Fmedia&parent=521"}],"wp:term":[{"taxonomy":"product_brand","embeddable":true,"href":"https:\/\/confeitandocomcarinho.com.br\/index.php?rest_route=%2Fwp%2Fv2%2Fproduct_brand&post=521"},{"taxonomy":"product_cat","embeddable":true,"href":"https:\/\/confeitandocomcarinho.com.br\/index.php?rest_route=%2Fwp%2Fv2%2Fproduct_cat&post=521"},{"taxonomy":"product_tag","embeddable":true,"href":"https:\/\/confeitandocomcarinho.com.br\/index.php?rest_route=%2Fwp%2Fv2%2Fproduct_tag&post=521"}],"curies":[{"name":"wp","href":"https:\/\/api.w.org\/{rel}","templated":true}]}}