{"id":688,"date":"2014-03-03T11:33:07","date_gmt":"2014-03-03T14:33:07","guid":{"rendered":"http:\/\/confeitandocomcarinho.com.br\/wp2\/?post_type=product&amp;p=688"},"modified":"2014-03-03T11:33:07","modified_gmt":"2014-03-03T14:33:07","slug":"apostila-doces-finos","status":"publish","type":"product","link":"https:\/\/confeitandocomcarinho.com.br\/?product=apostila-doces-finos","title":{"rendered":"Apostila doces finos"},"content":{"rendered":"<p><strong>Apostila \u00a0digital\u00a0<strong>\u00a0<\/strong><\/strong><\/p>\n<p>Esta apostila cont\u00e9m 9 receitas de doces finos. Com passo a passo\u00a0todo ilustrado, prazo de validade, rendimento e\u00a0diversas sugest\u00f5es de acabamento.<\/p>\n<p>Elaborada principalmente para eventos sofisticados.<\/p>\n<p>Docinhos: \u00a0Damasco recheado, \u00a0Camafeu de nozes,\u00a0Enlace de nozes,\u00a0Moedas de menta,\u00a0Cake pop noivinhos,<\/p>\n<p>Bombom fino de coco,\u00a0Chocolate com am\u00eandoa,\u00a0Cereja de prata e Ouri\u00e7o de coco.<\/p>\n<p>Este material disponibiliza diversas t\u00e9cnicas e ir\u00e1 ajudar a seguimentar \u00a0seu trabalho, trazendo novas oportunidades.<\/p>\n","protected":false},"excerpt":{"rendered":"<p><a href=\"https:\/\/confeitandocomcarinho.com.br\/site\/wp-content\/uploads\/2015\/07\/Amostra-apostila-de-doces-finos.pdf\" target=\"_blank\" rel=\"noopener noreferrer\">BAIXE AQUI UMA AMOSTRA GR\u00c1TIS<\/a><\/p>\n<p>Baixe uma amostra dessa apostila, e confira gr\u00e1tis 1 receita!<br \/>\nAtrav\u00e9s deste material voc\u00ea conhecer\u00e1 o formato e o padr\u00e3o de qualidade de nossas apostilas.<\/p>\n","protected":false},"featured_media":4335,"comment_status":"open","ping_status":"closed","template":"","meta":[],"product_brand":[],"product_cat":[61],"product_tag":[],"class_list":{"0":"post-688","1":"product","2":"type-product","3":"status-publish","4":"has-post-thumbnail","6":"product_cat-e-books","8":"first","9":"instock","10":"downloadable","11":"virtual","12":"purchasable","13":"product-type-simple"},"_links":{"self":[{"href":"https:\/\/confeitandocomcarinho.com.br\/index.php?rest_route=\/wp\/v2\/product\/688","targetHints":{"allow":["GET"]}}],"collection":[{"href":"https:\/\/confeitandocomcarinho.com.br\/index.php?rest_route=\/wp\/v2\/product"}],"about":[{"href":"https:\/\/confeitandocomcarinho.com.br\/index.php?rest_route=\/wp\/v2\/types\/product"}],"replies":[{"embeddable":true,"href":"https:\/\/confeitandocomcarinho.com.br\/index.php?rest_route=%2Fwp%2Fv2%2Fcomments&post=688"}],"wp:featuredmedia":[{"embeddable":true,"href":"https:\/\/confeitandocomcarinho.com.br\/index.php?rest_route=\/"}],"wp:attachment":[{"href":"https:\/\/confeitandocomcarinho.com.br\/index.php?rest_route=%2Fwp%2Fv2%2Fmedia&parent=688"}],"wp:term":[{"taxonomy":"product_brand","embeddable":true,"href":"https:\/\/confeitandocomcarinho.com.br\/index.php?rest_route=%2Fwp%2Fv2%2Fproduct_brand&post=688"},{"taxonomy":"product_cat","embeddable":true,"href":"https:\/\/confeitandocomcarinho.com.br\/index.php?rest_route=%2Fwp%2Fv2%2Fproduct_cat&post=688"},{"taxonomy":"product_tag","embeddable":true,"href":"https:\/\/confeitandocomcarinho.com.br\/index.php?rest_route=%2Fwp%2Fv2%2Fproduct_tag&post=688"}],"curies":[{"name":"wp","href":"https:\/\/api.w.org\/{rel}","templated":true}]}}